{"id":1361,"date":"2025-04-07T16:45:25","date_gmt":"2025-04-07T20:45:25","guid":{"rendered":"https:\/\/roncemi.com\/?page_id=1361"},"modified":"2025-06-17T11:14:23","modified_gmt":"2025-06-17T15:14:23","slug":"politica-de-cookies","status":"publish","type":"page","link":"https:\/\/roncemi.com\/en\/politica-de-cookies\/","title":{"rendered":"COOKIE POLICY"},"content":{"rendered":"<div data-elementor-type=\"wp-page\" data-elementor-id=\"1361\" class=\"elementor elementor-1361\" data-elementor-post-type=\"page\">\n\t\t\t\t<div class=\"elementor-element elementor-element-c62423e e-flex e-con-boxed elementor-invisible e-con e-parent\" data-id=\"c62423e\" data-element_type=\"container\" data-e-type=\"container\" data-settings=\"{&quot;animation&quot;:&quot;fadeIn&quot;}\">\n\t\t\t\t\t<div class=\"e-con-inner\">\n\t\t\t\t<div class=\"elementor-element elementor-element-41a3265 elementor-widget elementor-widget-heading\" data-id=\"41a3265\" data-element_type=\"widget\" data-e-type=\"widget\" data-widget_type=\"heading.default\">\n\t\t\t\t<div class=\"elementor-widget-container\">\n\t\t\t\t\t<h1 class=\"elementor-heading-title elementor-size-default\">COOKIE POLICY\n<\/h1>\t\t\t\t<\/div>\n\t\t\t\t<\/div>\n\t\t\t\t<div class=\"elementor-element elementor-element-392df1a elementor-widget elementor-widget-text-editor\" data-id=\"392df1a\" data-element_type=\"widget\" data-e-type=\"widget\" data-widget_type=\"text-editor.default\">\n\t\t\t\t<div class=\"elementor-widget-container\">\n\t\t\t\t\t\t\t\t\t<p><strong>Ron Cemi \u2013 www.roncemi.com<\/strong><\/p><p>Last updated: April 7, 2025<\/p><p>This Cookie Policy explains what cookies are, what types this website uses, for what purposes, and how you can manage them.<\/p><ol><li><strong> WHAT ARE COOKIES?<\/strong><br \/>Cookies are small text files that are downloaded to your device (computer, mobile phone, or tablet) when you visit a website. They allow the site to remember your preferences (such as language, login, content visited) over a period of time, thus improving your browsing experience.<\/li><li><strong> TYPES OF COOKIES WE USE<\/strong><br \/>On the RON CEM\u00cd website we use the following types of cookies:<\/li><li>a) Strictly necessary cookies:<br \/>These cookies are essential for the website to function. They allow basic navigation and secure access to secure areas of the site. They cannot be disabled in our systems.<\/li><li>b) Performance or analytical cookies:<br \/>These cookies allow us to collect statistical data on visitor behavior (most viewed pages, visit duration, bounce rate, etc.) with the aim of improving the functionality of the website. We use services like Google Analytics for this purpose.<\/li><li>c) Functionality cookies:<br \/>They allow us to remember information such as your preferred language, region, or personalized settings. Without these cookies, some functions may not be available.<\/li><li>d) Advertising or marketing cookies:<br \/>These cookies are used to show you ads relevant to your browsing behavior. They are also used to limit the number of times you see an ad and to measure the effectiveness of our advertising campaigns.<\/li><li><strong> THIRD-PARTY COOKIES<\/strong><br \/>Some cookies are installed by external services used on our site, such as:<br \/>\u2022 Google Analytics (traffic measurement)<br \/>\u2022 Facebook Pixel (ad targeting)<br \/>\u2022 YouTube or Vimeo (for viewing videos)<\/li><\/ol><p>\u00a0<\/p><p>These third parties may collect information about your activity on our site and other websites.<\/p><ol start=\"4\"><li><strong> COOKIE MANAGEMENT<\/strong><br \/>When you first access the site, you&#039;ll be presented with a cookie notice allowing you to accept or reject the use of non-essential cookies. You can also manage your preferences from your web browser:<br \/>\u2022 Google Chrome: Cookie settings in Chrome<br \/>\u2022 Mozilla Firefox: Cookie settings in Firefox<br \/>\u2022 Safari: Cookie settings in Safari<br \/>\u2022 Microsoft Edge: Cookie settings in Edge<\/li><\/ol><p>Please note that blocking certain cookies may affect the functionality of the website.<\/p><ol start=\"5\"><li><strong> CHANGES IN THE COOKIE POLICY<\/strong><br \/>RON CEM\u00cd reserves the right to update this Cookie Policy at any time. Changes will be posted on this page, so we recommend you review it periodically.<\/li><li><strong> CONTACT<\/strong><br \/>If you have questions or concerns about the use of cookies on this site, you can write to us at:<\/li><\/ol><p>Email: legal@bodegascemi.com.<br \/>Physical address: Jos\u00e9 Gabriel Garcia Street No. 53, Colonial Zone, Santo Domingo, DR<\/p>\t\t\t\t\t\t\t\t<\/div>\n\t\t\t\t<\/div>\n\t\t\t\t\t<\/div>\n\t\t\t\t<\/div>\n\t\t\t\t<\/div>","protected":false},"excerpt":{"rendered":"<p>POL\u00cdTICA DE COOKIES RON CEM\u00cd \u2013 www.roncemi.com Fecha de \u00faltima actualizaci\u00f3n: 7 de abril del 2025 Esta Pol\u00edtica de Cookies explica qu\u00e9 son las cookies, qu\u00e9 tipos utiliza este sitio web, con qu\u00e9 fines, y c\u00f3mo puede usted gestionarlas. \u00bfQU\u00c9 SON LAS COOKIES?Las cookies son peque\u00f1os archivos de texto que se descargan en su dispositivo [&hellip;]<\/p>","protected":false},"author":1,"featured_media":0,"parent":0,"menu_order":0,"comment_status":"closed","ping_status":"closed","template":"elementor_header_footer","meta":{"_acf_changed":false,"footnotes":""},"class_list":["post-1361","page","type-page","status-publish","hentry"],"acf":[],"aioseo_notices":[],"_links":{"self":[{"href":"https:\/\/roncemi.com\/en\/wp-json\/wp\/v2\/pages\/1361","targetHints":{"allow":["GET"]}}],"collection":[{"href":"https:\/\/roncemi.com\/en\/wp-json\/wp\/v2\/pages"}],"about":[{"href":"https:\/\/roncemi.com\/en\/wp-json\/wp\/v2\/types\/page"}],"author":[{"embeddable":true,"href":"https:\/\/roncemi.com\/en\/wp-json\/wp\/v2\/users\/1"}],"replies":[{"embeddable":true,"href":"https:\/\/roncemi.com\/en\/wp-json\/wp\/v2\/comments?post=1361"}],"version-history":[{"count":7,"href":"https:\/\/roncemi.com\/en\/wp-json\/wp\/v2\/pages\/1361\/revisions"}],"predecessor-version":[{"id":1754,"href":"https:\/\/roncemi.com\/en\/wp-json\/wp\/v2\/pages\/1361\/revisions\/1754"}],"wp:attachment":[{"href":"https:\/\/roncemi.com\/en\/wp-json\/wp\/v2\/media?parent=1361"}],"curies":[{"name":"wp","href":"https:\/\/api.w.org\/{rel}","templated":true}]}}