{"id":284,"date":"2025-02-10T18:30:50","date_gmt":"2025-02-10T22:30:50","guid":{"rendered":"https:\/\/roncemi.com\/?page_id=284"},"modified":"2025-03-03T17:11:39","modified_gmt":"2025-03-03T21:11:39","slug":"nuestro-paraiso","status":"publish","type":"page","link":"https:\/\/roncemi.com\/en\/nuestro-paraiso\/","title":{"rendered":"Our Paradise"},"content":{"rendered":"<div data-elementor-type=\"wp-page\" data-elementor-id=\"284\" class=\"elementor elementor-284\" data-elementor-post-type=\"page\">\n\t\t\t\t<div data-dce-background-image-url=\"https:\/\/roncemi.com\/wp-content\/uploads\/2025\/01\/banner-three-section.png\" class=\"elementor-element elementor-element-63668da e-grid e-con-boxed e-con e-parent\" data-id=\"63668da\" data-element_type=\"container\" data-e-type=\"container\" data-settings=\"{&quot;background_background&quot;:&quot;classic&quot;}\">\n\t\t\t\t\t<div class=\"e-con-inner\">\n\t\t<div class=\"elementor-element elementor-element-13d6559 e-con-full e-flex elementor-invisible e-con e-child\" data-id=\"13d6559\" data-element_type=\"container\" data-e-type=\"container\" data-settings=\"{&quot;animation&quot;:&quot;fadeInLeft&quot;}\">\n\t\t\t\t<div class=\"elementor-element elementor-element-24fee4a elementor-widget elementor-widget-heading\" data-id=\"24fee4a\" data-element_type=\"widget\" data-e-type=\"widget\" data-widget_type=\"heading.default\">\n\t\t\t\t<div class=\"elementor-widget-container\">\n\t\t\t\t\t<h3 class=\"elementor-heading-title elementor-size-default\">Dominican Republic:<\/h3>\t\t\t\t<\/div>\n\t\t\t\t<\/div>\n\t\t\t\t<div class=\"elementor-element elementor-element-a2397d2 elementor-widget elementor-widget-heading\" data-id=\"a2397d2\" data-element_type=\"widget\" data-e-type=\"widget\" data-widget_type=\"heading.default\">\n\t\t\t\t<div class=\"elementor-widget-container\">\n\t\t\t\t\t<h3 class=\"elementor-heading-title elementor-size-default\">A Paradise in the Caribbean<\/h3>\t\t\t\t<\/div>\n\t\t\t\t<\/div>\n\t\t\t\t<div class=\"elementor-element elementor-element-aa16945 elementor-widget elementor-widget-text-editor\" data-id=\"aa16945\" data-element_type=\"widget\" data-e-type=\"widget\" data-widget_type=\"text-editor.default\">\n\t\t\t\t<div class=\"elementor-widget-container\">\n\t\t\t\t\t\t\t\t\t<p>In the heart of the Caribbean, bathed by crystal-clear waters and surrounded by lush nature, lies the Dominican Republic, a true paradise that enchants all visitors. This small country, big in spirit, is much more than a tourist destination; it&#039;s a place where natural beauty, cultural richness, and the warmth of its people converge to create an unforgettable experience.<\/p>\t\t\t\t\t\t\t\t<\/div>\n\t\t\t\t<\/div>\n\t\t\t\t<\/div>\n\t\t\t\t\t<\/div>\n\t\t\t\t<\/div>\n\t\t<div data-dce-background-image-url=\"https:\/\/roncemi.com\/wp-content\/uploads\/2025\/02\/Banner-nuestro-paraiso.png\" class=\"elementor-element elementor-element-3dae533 e-flex e-con-boxed e-con e-parent\" data-id=\"3dae533\" data-element_type=\"container\" data-e-type=\"container\" data-settings=\"{&quot;background_background&quot;:&quot;classic&quot;}\">\n\t\t\t\t\t<div class=\"e-con-inner\">\n\t\t<div class=\"elementor-element elementor-element-0dbfa61 e-con-full e-flex e-con e-child\" data-id=\"0dbfa61\" data-element_type=\"container\" data-e-type=\"container\">\n\t\t<div class=\"elementor-element elementor-element-015165b e-con-full e-flex elementor-invisible e-con e-child\" data-id=\"015165b\" data-element_type=\"container\" data-e-type=\"container\" data-settings=\"{&quot;animation&quot;:&quot;fadeInLeft&quot;}\">\n\t\t\t\t<div class=\"elementor-element elementor-element-43804ff elementor-widget elementor-widget-image\" data-id=\"43804ff\" data-element_type=\"widget\" data-e-type=\"widget\" data-widget_type=\"image.default\">\n\t\t\t\t<div class=\"elementor-widget-container\">\n\t\t\t\t\t\t\t\t\t\t\t\t\t\t\t<img fetchpriority=\"high\" decoding=\"async\" width=\"700\" height=\"420\" src=\"https:\/\/roncemi.com\/wp-content\/uploads\/2025\/02\/playa-ensueno.png\" class=\"attachment-full size-full wp-image-295\" alt=\"\" srcset=\"https:\/\/roncemi.com\/wp-content\/uploads\/2025\/02\/playa-ensueno.png 700w, https:\/\/roncemi.com\/wp-content\/uploads\/2025\/02\/playa-ensueno-600x360.png 600w, https:\/\/roncemi.com\/wp-content\/uploads\/2025\/02\/playa-ensueno-300x180.png 300w\" sizes=\"(max-width: 700px) 100vw, 700px\" \/>\t\t\t\t\t\t\t\t\t\t\t\t\t\t\t<\/div>\n\t\t\t\t<\/div>\n\t\t\t\t<\/div>\n\t\t<div class=\"elementor-element elementor-element-aef2111 e-con-full e-flex elementor-invisible e-con e-child\" data-id=\"aef2111\" data-element_type=\"container\" data-e-type=\"container\" data-settings=\"{&quot;animation&quot;:&quot;fadeInRight&quot;}\">\n\t\t<div class=\"elementor-element elementor-element-59d122b e-con-full e-flex e-con e-child\" data-id=\"59d122b\" data-element_type=\"container\" data-e-type=\"container\">\n\t\t\t\t<div class=\"elementor-element elementor-element-7bdabd5 elementor-widget elementor-widget-heading\" data-id=\"7bdabd5\" data-element_type=\"widget\" data-e-type=\"widget\" data-widget_type=\"heading.default\">\n\t\t\t\t<div class=\"elementor-widget-container\">\n\t\t\t\t\t<h4 class=\"elementor-heading-title elementor-size-default\">Dream beaches<\/h4>\t\t\t\t<\/div>\n\t\t\t\t<\/div>\n\t\t\t\t<div class=\"elementor-element elementor-element-dec2121 elementor-widget elementor-widget-text-editor\" data-id=\"dec2121\" data-element_type=\"widget\" data-e-type=\"widget\" data-widget_type=\"text-editor.default\">\n\t\t\t\t<div class=\"elementor-widget-container\">\n\t\t\t\t\t\t\t\t\t<p>The Dominican Republic is synonymous with idyllic beaches. From the white sands of Punta Cana to the pristine shores of Bah\u00eda de las \u00c1guilas, every coastal corner looks like something straight out of a postcard. Dominican beaches are a haven for those looking to relax to the sound of the ocean or enjoy water sports like surfing and diving. Furthermore, places like Playa Rinc\u00f3n in Saman\u00e1 or Playa Sos\u00faa in Puerto Plata not only dazzle with their beauty but also tell stories of welcoming communities and unspoiled landscapes.<\/p>\t\t\t\t\t\t\t\t<\/div>\n\t\t\t\t<\/div>\n\t\t\t\t<\/div>\n\t\t\t\t<\/div>\n\t\t\t\t<\/div>\n\t\t<div class=\"elementor-element elementor-element-8c07089 e-con-full e-flex e-con e-child\" data-id=\"8c07089\" data-element_type=\"container\" data-e-type=\"container\">\n\t\t<div class=\"elementor-element elementor-element-b2086c0 e-con-full e-flex elementor-invisible e-con e-child\" data-id=\"b2086c0\" data-element_type=\"container\" data-e-type=\"container\" data-settings=\"{&quot;animation&quot;:&quot;fadeInLeft&quot;}\">\n\t\t<div class=\"elementor-element elementor-element-c476e95 e-con-full e-flex e-con e-child\" data-id=\"c476e95\" data-element_type=\"container\" data-e-type=\"container\">\n\t\t\t\t<div class=\"elementor-element elementor-element-7c67041 elementor-widget elementor-widget-heading\" data-id=\"7c67041\" data-element_type=\"widget\" data-e-type=\"widget\" data-widget_type=\"heading.default\">\n\t\t\t\t<div class=\"elementor-widget-container\">\n\t\t\t\t\t<h4 class=\"elementor-heading-title elementor-size-default\">Flavors that conquer<\/h4>\t\t\t\t<\/div>\n\t\t\t\t<\/div>\n\t\t\t\t<div class=\"elementor-element elementor-element-923a105 elementor-widget elementor-widget-text-editor\" data-id=\"923a105\" data-element_type=\"widget\" data-e-type=\"widget\" data-widget_type=\"text-editor.default\">\n\t\t\t\t<div class=\"elementor-widget-container\">\n\t\t\t\t\t\t\t\t\t<p>Dominican cuisine is a feast of flavors, a reflection of the blend of cultures that have shaped the country. Iconic dishes like sancocho, mang\u00fa, and mofongo are more than just meals: they&#039;re an invitation to explore the traditions and soul of the Dominican people. The freshness of ingredients, such as freshly caught fish or tropical fruits, shines in every bite. Plus, there&#039;s always a sweet ending, with desserts like majarete and coconut candy that sweeten any occasion.<\/p>\t\t\t\t\t\t\t\t<\/div>\n\t\t\t\t<\/div>\n\t\t\t\t<\/div>\n\t\t\t\t<\/div>\n\t\t<div class=\"elementor-element elementor-element-6868f68 e-con-full e-flex elementor-invisible e-con e-child\" data-id=\"6868f68\" data-element_type=\"container\" data-e-type=\"container\" data-settings=\"{&quot;animation&quot;:&quot;fadeInRight&quot;}\">\n\t\t\t\t<div class=\"elementor-element elementor-element-dbd0dc7 elementor-widget elementor-widget-image\" data-id=\"dbd0dc7\" data-element_type=\"widget\" data-e-type=\"widget\" data-widget_type=\"image.default\">\n\t\t\t\t<div class=\"elementor-widget-container\">\n\t\t\t\t\t\t\t\t\t\t\t\t\t\t\t<img decoding=\"async\" width=\"700\" height=\"420\" src=\"https:\/\/roncemi.com\/wp-content\/uploads\/2025\/02\/sabores-que-conquistan.png\" class=\"attachment-full size-full wp-image-298\" alt=\"\" srcset=\"https:\/\/roncemi.com\/wp-content\/uploads\/2025\/02\/sabores-que-conquistan.png 700w, https:\/\/roncemi.com\/wp-content\/uploads\/2025\/02\/sabores-que-conquistan-600x360.png 600w, https:\/\/roncemi.com\/wp-content\/uploads\/2025\/02\/sabores-que-conquistan-300x180.png 300w\" sizes=\"(max-width: 700px) 100vw, 700px\" \/>\t\t\t\t\t\t\t\t\t\t\t\t\t\t\t<\/div>\n\t\t\t\t<\/div>\n\t\t\t\t<\/div>\n\t\t\t\t<\/div>\n\t\t<div class=\"elementor-element elementor-element-65ccdd6 e-con-full e-flex e-con e-child\" data-id=\"65ccdd6\" data-element_type=\"container\" data-e-type=\"container\">\n\t\t<div class=\"elementor-element elementor-element-16351e7 e-con-full e-flex elementor-invisible e-con e-child\" data-id=\"16351e7\" data-element_type=\"container\" data-e-type=\"container\" data-settings=\"{&quot;animation&quot;:&quot;fadeInLeft&quot;}\">\n\t\t\t\t<div class=\"elementor-element elementor-element-4727c7a elementor-widget elementor-widget-image\" data-id=\"4727c7a\" data-element_type=\"widget\" data-e-type=\"widget\" data-widget_type=\"image.default\">\n\t\t\t\t<div class=\"elementor-widget-container\">\n\t\t\t\t\t\t\t\t\t\t\t\t\t\t\t<img decoding=\"async\" width=\"700\" height=\"420\" src=\"https:\/\/roncemi.com\/wp-content\/uploads\/2025\/02\/cultura-vibrante.png\" class=\"attachment-full size-full wp-image-297\" alt=\"\" srcset=\"https:\/\/roncemi.com\/wp-content\/uploads\/2025\/02\/cultura-vibrante.png 700w, https:\/\/roncemi.com\/wp-content\/uploads\/2025\/02\/cultura-vibrante-600x360.png 600w, https:\/\/roncemi.com\/wp-content\/uploads\/2025\/02\/cultura-vibrante-300x180.png 300w\" sizes=\"(max-width: 700px) 100vw, 700px\" \/>\t\t\t\t\t\t\t\t\t\t\t\t\t\t\t<\/div>\n\t\t\t\t<\/div>\n\t\t\t\t<\/div>\n\t\t<div class=\"elementor-element elementor-element-6097bbe e-con-full e-flex e-con e-child\" data-id=\"6097bbe\" data-element_type=\"container\" data-e-type=\"container\">\n\t\t<div class=\"elementor-element elementor-element-8605e30 e-con-full e-flex elementor-invisible e-con e-child\" data-id=\"8605e30\" data-element_type=\"container\" data-e-type=\"container\" data-settings=\"{&quot;animation&quot;:&quot;fadeInRight&quot;}\">\n\t\t\t\t<div class=\"elementor-element elementor-element-a984bc9 elementor-widget elementor-widget-heading\" data-id=\"a984bc9\" data-element_type=\"widget\" data-e-type=\"widget\" data-widget_type=\"heading.default\">\n\t\t\t\t<div class=\"elementor-widget-container\">\n\t\t\t\t\t<h4 class=\"elementor-heading-title elementor-size-default\">Vibrant culture <br>\nand living tradition<\/h4>\t\t\t\t<\/div>\n\t\t\t\t<\/div>\n\t\t\t\t<div class=\"elementor-element elementor-element-829f935 elementor-widget elementor-widget-text-editor\" data-id=\"829f935\" data-element_type=\"widget\" data-e-type=\"widget\" data-widget_type=\"text-editor.default\">\n\t\t\t\t<div class=\"elementor-widget-container\">\n\t\t\t\t\t\t\t\t\t<p>The Dominican Republic beats to the rhythm of its culture, a rhythm manifested in its traditions as well as in its music and art. Merengue and bachata, declared Intangible Cultural Heritage of Humanity by UNESCO, are not only musical genres but expressions of the Dominican soul. In every corner of the country, from town squares to the nightclubs of Santo Domingo, the contagious rhythm of these genres invites everyone to dance.<\/p><p>Art and history also hold a special place in the heart of the country. Santo Domingo&#039;s Colonial Zone, with its colonial architecture and cobblestone streets, transports visitors back in time, while contemporary initiatives, such as urban muralism, celebrate the creativity of younger generations.<\/p>\t\t\t\t\t\t\t\t<\/div>\n\t\t\t\t<\/div>\n\t\t\t\t<\/div>\n\t\t\t\t<\/div>\n\t\t\t\t<\/div>\n\t\t<div class=\"elementor-element elementor-element-4fe0733 e-con-full e-flex e-con e-child\" data-id=\"4fe0733\" data-element_type=\"container\" data-e-type=\"container\">\n\t\t<div class=\"elementor-element elementor-element-9a5afeb e-con-full e-flex elementor-invisible e-con e-child\" data-id=\"9a5afeb\" data-element_type=\"container\" data-e-type=\"container\" data-settings=\"{&quot;animation&quot;:&quot;fadeInLeft&quot;}\">\n\t\t<div class=\"elementor-element elementor-element-c9af6f7 e-con-full e-flex e-con e-child\" data-id=\"c9af6f7\" data-element_type=\"container\" data-e-type=\"container\">\n\t\t\t\t<div class=\"elementor-element elementor-element-c350072 elementor-widget elementor-widget-heading\" data-id=\"c350072\" data-element_type=\"widget\" data-e-type=\"widget\" data-widget_type=\"heading.default\">\n\t\t\t\t<div class=\"elementor-widget-container\">\n\t\t\t\t\t<h4 class=\"elementor-heading-title elementor-size-default\">The joy of its people<\/h4>\t\t\t\t<\/div>\n\t\t\t\t<\/div>\n\t\t\t\t<div class=\"elementor-element elementor-element-b253d97 elementor-widget elementor-widget-text-editor\" data-id=\"b253d97\" data-element_type=\"widget\" data-e-type=\"widget\" data-widget_type=\"text-editor.default\">\n\t\t\t\t<div class=\"elementor-widget-container\">\n\t\t\t\t\t\t\t\t\t<p>However, if there&#039;s one thing that defines the Dominican Republic, it&#039;s its people. Dominicans are known for their hospitality, their joyful spirit, and their ability to celebrate life even in the simplest moments. It&#039;s common to hear laughter and music on every corner, feel the warmth of a greeting, and experience the solidarity of a people who welcome everyone with open arms.<\/p>\t\t\t\t\t\t\t\t<\/div>\n\t\t\t\t<\/div>\n\t\t\t\t<\/div>\n\t\t\t\t<\/div>\n\t\t<div class=\"elementor-element elementor-element-28e9a67 e-con-full e-flex elementor-invisible e-con e-child\" data-id=\"28e9a67\" data-element_type=\"container\" data-e-type=\"container\" data-settings=\"{&quot;animation&quot;:&quot;fadeInRight&quot;}\">\n\t\t\t\t<div class=\"elementor-element elementor-element-e923651 elementor-widget elementor-widget-image\" data-id=\"e923651\" data-element_type=\"widget\" data-e-type=\"widget\" data-widget_type=\"image.default\">\n\t\t\t\t<div class=\"elementor-widget-container\">\n\t\t\t\t\t\t\t\t\t\t\t\t\t\t\t<img loading=\"lazy\" decoding=\"async\" width=\"700\" height=\"420\" src=\"https:\/\/roncemi.com\/wp-content\/uploads\/2025\/03\/new-imagen.jpg\" class=\"attachment-full size-full wp-image-1306\" alt=\"\" srcset=\"https:\/\/roncemi.com\/wp-content\/uploads\/2025\/03\/new-imagen.jpg 700w, https:\/\/roncemi.com\/wp-content\/uploads\/2025\/03\/new-imagen-300x180.jpg 300w, https:\/\/roncemi.com\/wp-content\/uploads\/2025\/03\/new-imagen-600x360.jpg 600w\" sizes=\"(max-width: 700px) 100vw, 700px\" \/>\t\t\t\t\t\t\t\t\t\t\t\t\t\t\t<\/div>\n\t\t\t\t<\/div>\n\t\t\t\t<\/div>\n\t\t\t\t<\/div>\n\t\t<div class=\"elementor-element elementor-element-0ea71ed e-con-full e-flex e-con e-child\" data-id=\"0ea71ed\" data-element_type=\"container\" data-e-type=\"container\">\n\t\t<div class=\"elementor-element elementor-element-6b70855 e-con-full e-flex elementor-invisible e-con e-child\" data-id=\"6b70855\" data-element_type=\"container\" data-e-type=\"container\" data-settings=\"{&quot;animation&quot;:&quot;fadeInLeft&quot;}\">\n\t\t\t\t<div class=\"elementor-element elementor-element-3172dd4 elementor-widget elementor-widget-image\" data-id=\"3172dd4\" data-element_type=\"widget\" data-e-type=\"widget\" data-widget_type=\"image.default\">\n\t\t\t\t<div class=\"elementor-widget-container\">\n\t\t\t\t\t\t\t\t\t\t\t\t\t\t\t<img loading=\"lazy\" decoding=\"async\" width=\"700\" height=\"420\" src=\"https:\/\/roncemi.com\/wp-content\/uploads\/2025\/02\/un-paraiso-que-enamora.png\" class=\"attachment-full size-full wp-image-299\" alt=\"\" srcset=\"https:\/\/roncemi.com\/wp-content\/uploads\/2025\/02\/un-paraiso-que-enamora.png 700w, https:\/\/roncemi.com\/wp-content\/uploads\/2025\/02\/un-paraiso-que-enamora-600x360.png 600w, https:\/\/roncemi.com\/wp-content\/uploads\/2025\/02\/un-paraiso-que-enamora-300x180.png 300w\" sizes=\"(max-width: 700px) 100vw, 700px\" \/>\t\t\t\t\t\t\t\t\t\t\t\t\t\t\t<\/div>\n\t\t\t\t<\/div>\n\t\t\t\t<\/div>\n\t\t<div class=\"elementor-element elementor-element-eeebb78 e-con-full e-flex elementor-invisible e-con e-child\" data-id=\"eeebb78\" data-element_type=\"container\" data-e-type=\"container\" data-settings=\"{&quot;animation&quot;:&quot;fadeInRight&quot;}\">\n\t\t<div class=\"elementor-element elementor-element-17badbe e-con-full e-flex e-con e-child\" data-id=\"17badbe\" data-element_type=\"container\" data-e-type=\"container\">\n\t\t\t\t<div class=\"elementor-element elementor-element-3f4beb8 elementor-widget elementor-widget-heading\" data-id=\"3f4beb8\" data-element_type=\"widget\" data-e-type=\"widget\" data-widget_type=\"heading.default\">\n\t\t\t\t<div class=\"elementor-widget-container\">\n\t\t\t\t\t<h4 class=\"elementor-heading-title elementor-size-default\">A paradise that makes you fall in love<\/h4>\t\t\t\t<\/div>\n\t\t\t\t<\/div>\n\t\t\t\t<div class=\"elementor-element elementor-element-f8d925a elementor-widget elementor-widget-text-editor\" data-id=\"f8d925a\" data-element_type=\"widget\" data-e-type=\"widget\" data-widget_type=\"text-editor.default\">\n\t\t\t\t<div class=\"elementor-widget-container\">\n\t\t\t\t\t\t\t\t\t<p>The Dominican Republic isn&#039;t just a place you visit; it&#039;s a place you experience. Its landscapes, culture, and people leave an indelible mark on the hearts of those who visit. This Caribbean paradise is much more than its beaches and history: it&#039;s a tribute to life, a constant celebration of what it means to be authentic and joyful.<\/p><p>Visiting the Dominican Republic isn&#039;t just about discovering a country; it&#039;s about embracing a way of life that invites you to enjoy the present, connect with nature, and celebrate the richness of a people full of life and passion. Without a doubt, it&#039;s a corner of the world that deserves to be called an earthly paradise.<\/p>\t\t\t\t\t\t\t\t<\/div>\n\t\t\t\t<\/div>\n\t\t\t\t<\/div>\n\t\t\t\t<\/div>\n\t\t\t\t<\/div>\n\t\t\t\t\t<\/div>\n\t\t\t\t<\/div>\n\t\t\t\t<\/div>","protected":false},"excerpt":{"rendered":"<p>Rep\u00fablica Dominicana: Un Para\u00edso en el Caribe En el coraz\u00f3n del Caribe, ba\u00f1ada por aguas cristalinas y rodeada de naturaleza exuberante, se encuentra la Rep\u00fablica Dominicana, un verdadero para\u00edso que encanta a quienes la visitan. Este peque\u00f1o pa\u00eds, grande en esp\u00edritu, es mucho m\u00e1s que un destino tur\u00edstico; es un lugar donde la belleza natural, [&hellip;]<\/p>","protected":false},"author":1,"featured_media":130,"parent":0,"menu_order":0,"comment_status":"closed","ping_status":"closed","template":"elementor_header_footer","meta":{"_acf_changed":false,"footnotes":""},"class_list":["post-284","page","type-page","status-publish","has-post-thumbnail","hentry"],"acf":[],"aioseo_notices":[],"_links":{"self":[{"href":"https:\/\/roncemi.com\/en\/wp-json\/wp\/v2\/pages\/284","targetHints":{"allow":["GET"]}}],"collection":[{"href":"https:\/\/roncemi.com\/en\/wp-json\/wp\/v2\/pages"}],"about":[{"href":"https:\/\/roncemi.com\/en\/wp-json\/wp\/v2\/types\/page"}],"author":[{"embeddable":true,"href":"https:\/\/roncemi.com\/en\/wp-json\/wp\/v2\/users\/1"}],"replies":[{"embeddable":true,"href":"https:\/\/roncemi.com\/en\/wp-json\/wp\/v2\/comments?post=284"}],"version-history":[{"count":43,"href":"https:\/\/roncemi.com\/en\/wp-json\/wp\/v2\/pages\/284\/revisions"}],"predecessor-version":[{"id":1309,"href":"https:\/\/roncemi.com\/en\/wp-json\/wp\/v2\/pages\/284\/revisions\/1309"}],"wp:featuredmedia":[{"embeddable":true,"href":"https:\/\/roncemi.com\/en\/wp-json\/wp\/v2\/media\/130"}],"wp:attachment":[{"href":"https:\/\/roncemi.com\/en\/wp-json\/wp\/v2\/media?parent=284"}],"curies":[{"name":"wp","href":"https:\/\/api.w.org\/{rel}","templated":true}]}}