{"id":514,"date":"2025-02-14T12:48:31","date_gmt":"2025-02-14T16:48:31","guid":{"rendered":"https:\/\/roncemi.com\/?page_id=514"},"modified":"2025-06-05T17:35:39","modified_gmt":"2025-06-05T21:35:39","slug":"unete-al-club","status":"publish","type":"page","link":"https:\/\/roncemi.com\/en\/unete-al-club\/","title":{"rendered":"Join the Club"},"content":{"rendered":"<div data-elementor-type=\"wp-page\" data-elementor-id=\"514\" class=\"elementor elementor-514\" data-elementor-post-type=\"page\">\n\t\t\t\t<div data-dce-background-image-url=\"https:\/\/roncemi.com\/wp-content\/uploads\/2025\/01\/banner-other.png\" class=\"elementor-element elementor-element-c688886 e-flex e-con-boxed e-con e-parent\" data-id=\"c688886\" data-element_type=\"container\" data-e-type=\"container\" data-settings=\"{&quot;background_background&quot;:&quot;classic&quot;}\">\n\t\t\t\t\t<div class=\"e-con-inner\">\n\t\t<div data-dce-background-color=\"#231F20E8\" class=\"elementor-element elementor-element-c70961f e-con-full e-flex e-con e-child\" data-id=\"c70961f\" data-element_type=\"container\" data-e-type=\"container\" data-settings=\"{&quot;background_background&quot;:&quot;classic&quot;}\">\n\t\t\t\t<div class=\"elementor-element elementor-element-6e2a8d9 elementor-widget elementor-widget-heading\" data-id=\"6e2a8d9\" data-element_type=\"widget\" data-e-type=\"widget\" data-widget_type=\"heading.default\">\n\t\t\t\t<div class=\"elementor-widget-container\">\n\t\t\t\t\t<h2 class=\"elementor-heading-title elementor-size-default\">Join the Club<\/h2>\t\t\t\t<\/div>\n\t\t\t\t<\/div>\n\t\t\t\t<div class=\"elementor-element elementor-element-f2c8713 elementor-button-align-center elementor-widget__width-initial elementor-widget elementor-widget-form\" data-id=\"f2c8713\" data-element_type=\"widget\" data-e-type=\"widget\" id=\"form_unete\" data-settings=\"{&quot;step_next_label&quot;:&quot;Next&quot;,&quot;step_previous_label&quot;:&quot;Previous&quot;,&quot;button_width&quot;:&quot;100&quot;,&quot;step_type&quot;:&quot;number_text&quot;,&quot;step_icon_shape&quot;:&quot;circle&quot;}\" data-widget_type=\"form.default\">\n\t\t\t\t<div class=\"elementor-widget-container\">\n\t\t\t\t\t\t\t<form class=\"elementor-form\" method=\"post\" name=\"New Form \u00danete\" action=\"\">\n\t\t\t<input type=\"hidden\" name=\"post_id\" value=\"514\"\/>\n\t\t\t<input type=\"hidden\" name=\"form_id\" value=\"f2c8713\"\/>\n\t\t\t<input type=\"hidden\" name=\"referer_title\" value=\"\" \/>\n\n\t\t\t\n\t\t\t<div class=\"elementor-form-fields-wrapper elementor-labels-above\">\n\t\t\t\t\t\t\t\t<div class=\"elementor-field-type-text elementor-field-group elementor-column elementor-field-group-name elementor-col-50 elementor-field-required\">\n\t\t\t\t\t\t\t\t\t\t\t\t\t<input size=\"1\" type=\"text\" name=\"form_fields[name]\" id=\"form-field-name\" class=\"elementor-field elementor-size-md  elementor-field-textual\" placeholder=\"Names *\" required=\"required\">\n\t\t\t\t\t\t\t\t\t\t\t<\/div>\n\t\t\t\t\t\t\t\t<div class=\"elementor-field-type-text elementor-field-group elementor-column elementor-field-group-field_e2c9023 elementor-col-50\">\n\t\t\t\t\t\t\t\t\t\t\t\t\t<input size=\"1\" type=\"text\" name=\"form_fields[field_e2c9023]\" id=\"form-field-field_e2c9023\" class=\"elementor-field elementor-size-md  elementor-field-textual\" placeholder=\"Last name *\">\n\t\t\t\t\t\t\t\t\t\t\t<\/div>\n\t\t\t\t\t\t\t\t<div class=\"elementor-field-type-email elementor-field-group elementor-column elementor-field-group-email elementor-col-50 elementor-field-required\">\n\t\t\t\t\t\t\t\t\t\t\t\t\t<input size=\"1\" type=\"email\" name=\"form_fields[email]\" id=\"form-field-email\" class=\"elementor-field elementor-size-md  elementor-field-textual\" placeholder=\"Email *\" required=\"required\">\n\t\t\t\t\t\t\t\t\t\t\t<\/div>\n\t\t\t\t\t\t\t\t<div class=\"elementor-field-type-select elementor-field-group elementor-column elementor-field-group-country elementor-col-50 elementor-field-required\">\n\t\t\t\t\t\t\t<div class=\"elementor-field elementor-select-wrapper remove-before\">\n\t\t\t<div class=\"select-caret-down-wrapper\">\n\t\t\t\t<svg aria-hidden=\"true\" class=\"e-font-icon-svg e-eicon-caret-down\" viewbox=\"0 0 571.4 571.4\" xmlns=\"http:\/\/www.w3.org\/2000\/svg\"><path d=\"M571 393Q571 407 561 418L311 668Q300 679 286 679T261 668L11 418Q0 407 0 393T11 368 36 357H536Q550 357 561 368T571 393Z\"><\/path><\/svg>\t\t\t<\/div>\n\t\t\t<select name=\"form_fields[country]\" id=\"form-field-country\" class=\"elementor-field-textual elementor-size-md\" required=\"required\">\n\t\t\t\t\t\t\t\t\t<option value=\"null\">Country *<\/option>\n\t\t\t\t\t\t\t\t\t<option value=\"Afganist\u00e1n\">Afghanistan<\/option>\n\t\t\t\t\t\t\t\t\t<option value=\"Albania\">Albania<\/option>\n\t\t\t\t\t\t\t\t\t<option value=\"Alemania\">Germany<\/option>\n\t\t\t\t\t\t\t\t\t<option value=\"Andorra\">Andorra<\/option>\n\t\t\t\t\t\t\t\t\t<option value=\"Angola\">Angola<\/option>\n\t\t\t\t\t\t\t\t\t<option value=\"Anguila\">Eel<\/option>\n\t\t\t\t\t\t\t\t\t<option value=\"Ant\u00e1rtida\">Antarctica<\/option>\n\t\t\t\t\t\t\t\t\t<option value=\"Antigua y Barbuda\">Antigua and Barbuda<\/option>\n\t\t\t\t\t\t\t\t\t<option value=\"Arabia Saudita\">Saudi Arabia<\/option>\n\t\t\t\t\t\t\t\t\t<option value=\"Argelia\">Algeria<\/option>\n\t\t\t\t\t\t\t\t\t<option value=\"Argentina\">Argentina<\/option>\n\t\t\t\t\t\t\t\t\t<option value=\"Armenia\">Armenia<\/option>\n\t\t\t\t\t\t\t\t\t<option value=\"Aruba\">Aruba<\/option>\n\t\t\t\t\t\t\t\t\t<option value=\"Australia\">Australia<\/option>\n\t\t\t\t\t\t\t\t\t<option value=\"Austria\">Austria<\/option>\n\t\t\t\t\t\t\t\t\t<option value=\"Azerbaiy\u00e1n\">Azerbaijan<\/option>\n\t\t\t\t\t\t\t\t\t<option value=\"Bahamas\">Bahamas<\/option>\n\t\t\t\t\t\t\t\t\t<option value=\"Banglad\u00e9s\">Bangladesh<\/option>\n\t\t\t\t\t\t\t\t\t<option value=\"Barbados\">Barbados<\/option>\n\t\t\t\t\t\t\t\t\t<option value=\"Bar\u00e9in\">Bahrain<\/option>\n\t\t\t\t\t\t\t\t\t<option value=\"B\u00e9lgica\">Belgium<\/option>\n\t\t\t\t\t\t\t\t\t<option value=\"Belice\">Belize<\/option>\n\t\t\t\t\t\t\t\t\t<option value=\"Ben\u00edn\">Benin<\/option>\n\t\t\t\t\t\t\t\t\t<option value=\"Bermudas\">Bermuda<\/option>\n\t\t\t\t\t\t\t\t\t<option value=\"Bielorrusia\">Belarus<\/option>\n\t\t\t\t\t\t\t\t\t<option value=\"Bolivia\">Bolivia<\/option>\n\t\t\t\t\t\t\t\t\t<option value=\"Bosnia y Herzegovina\">Bosnia and Herzegovina<\/option>\n\t\t\t\t\t\t\t\t\t<option value=\"Botsuana\">Botswana<\/option>\n\t\t\t\t\t\t\t\t\t<option value=\"Brasil\">Brazil<\/option>\n\t\t\t\t\t\t\t\t\t<option value=\"Brun\u00e9i\">Brunei<\/option>\n\t\t\t\t\t\t\t\t\t<option value=\"Bulgaria\">Bulgaria<\/option>\n\t\t\t\t\t\t\t\t\t<option value=\"Burkina Faso\">Burkina Faso<\/option>\n\t\t\t\t\t\t\t\t\t<option value=\"Burundi\">Burundi<\/option>\n\t\t\t\t\t\t\t\t\t<option value=\"But\u00e1n\">Bhutan<\/option>\n\t\t\t\t\t\t\t\t\t<option value=\"Cabo Verde\">Cape Verde<\/option>\n\t\t\t\t\t\t\t\t\t<option value=\"Camboya\">Cambodia<\/option>\n\t\t\t\t\t\t\t\t\t<option value=\"Camer\u00fan\">Cameroon<\/option>\n\t\t\t\t\t\t\t\t\t<option value=\"Canad\u00e1\">Canada<\/option>\n\t\t\t\t\t\t\t\t\t<option value=\"Chad\">Chad<\/option>\n\t\t\t\t\t\t\t\t\t<option value=\"Chile\">Chili<\/option>\n\t\t\t\t\t\t\t\t\t<option value=\"China\">China<\/option>\n\t\t\t\t\t\t\t\t\t<option value=\"Chipre\">Cyprus<\/option>\n\t\t\t\t\t\t\t\t\t<option value=\"Ciudad del Vaticano\">Vatican City<\/option>\n\t\t\t\t\t\t\t\t\t<option value=\"Colombia\">Colombia<\/option>\n\t\t\t\t\t\t\t\t\t<option value=\"Comoras\">Comoros<\/option>\n\t\t\t\t\t\t\t\t\t<option value=\"Congo\">Congo<\/option>\n\t\t\t\t\t\t\t\t\t<option value=\"Corea del Norte\">North Korea<\/option>\n\t\t\t\t\t\t\t\t\t<option value=\"Corea del Sur\">South Korea<\/option>\n\t\t\t\t\t\t\t\t\t<option value=\"Costa de Marfil\">Ivory Coast<\/option>\n\t\t\t\t\t\t\t\t\t<option value=\"Costa Rica\">Costa Rica<\/option>\n\t\t\t\t\t\t\t\t\t<option value=\"Croacia\">Croatia<\/option>\n\t\t\t\t\t\t\t\t\t<option value=\"Cuba\">Cuba<\/option>\n\t\t\t\t\t\t\t\t\t<option value=\"Curazao\">Cura\u00e7ao<\/option>\n\t\t\t\t\t\t\t\t\t<option value=\"Dinamarca\">Denmark<\/option>\n\t\t\t\t\t\t\t\t\t<option value=\"Dominica\">Dominica<\/option>\n\t\t\t\t\t\t\t\t\t<option value=\"Ecuador\">Ecuador<\/option>\n\t\t\t\t\t\t\t\t\t<option value=\"Egipto\">Egypt<\/option>\n\t\t\t\t\t\t\t\t\t<option value=\"El Salvador\">El Salvador<\/option>\n\t\t\t\t\t\t\t\t\t<option value=\"Emiratos \u00c1rabes Unidos\">United Arab Emirates<\/option>\n\t\t\t\t\t\t\t\t\t<option value=\"Eritrea\">Eritrea<\/option>\n\t\t\t\t\t\t\t\t\t<option value=\"Eslovaquia\">Slovakia<\/option>\n\t\t\t\t\t\t\t\t\t<option value=\"Eslovenia\">Slovenia<\/option>\n\t\t\t\t\t\t\t\t\t<option value=\"Espa\u00f1a\">Spain<\/option>\n\t\t\t\t\t\t\t\t\t<option value=\"Estados Unidos\">USA<\/option>\n\t\t\t\t\t\t\t\t\t<option value=\"Estonia\">Estonia<\/option>\n\t\t\t\t\t\t\t\t\t<option value=\"Etiop\u00eda\">Ethiopia<\/option>\n\t\t\t\t\t\t\t\t\t<option value=\"Filipinas\">Philippines<\/option>\n\t\t\t\t\t\t\t\t\t<option value=\"Finlandia\">Finland<\/option>\n\t\t\t\t\t\t\t\t\t<option value=\"Fiyi\">Fiji<\/option>\n\t\t\t\t\t\t\t\t\t<option value=\"Francia\">France<\/option>\n\t\t\t\t\t\t\t\t\t<option value=\"Gab\u00f3n\">Gabon<\/option>\n\t\t\t\t\t\t\t\t\t<option value=\"Gambia\">Gambia<\/option>\n\t\t\t\t\t\t\t\t\t<option value=\"Georgia\">Georgia<\/option>\n\t\t\t\t\t\t\t\t\t<option value=\"Ghana\">Ghana<\/option>\n\t\t\t\t\t\t\t\t\t<option value=\"Gibraltar\">Gibraltar<\/option>\n\t\t\t\t\t\t\t\t\t<option value=\"Granada\">Grenade<\/option>\n\t\t\t\t\t\t\t\t\t<option value=\"Grecia\">Greece<\/option>\n\t\t\t\t\t\t\t\t\t<option value=\"Groenlandia\">Greenland<\/option>\n\t\t\t\t\t\t\t\t\t<option value=\"Guadalupe\">Guadalupe<\/option>\n\t\t\t\t\t\t\t\t\t<option value=\"Guam\">Guam<\/option>\n\t\t\t\t\t\t\t\t\t<option value=\"Guatemala\">Guatemala<\/option>\n\t\t\t\t\t\t\t\t\t<option value=\"Guayana Francesa\">French Guiana<\/option>\n\t\t\t\t\t\t\t\t\t<option value=\"Guernsey\">Guernsey<\/option>\n\t\t\t\t\t\t\t\t\t<option value=\"Guinea\">Guinea<\/option>\n\t\t\t\t\t\t\t\t\t<option value=\"Guinea Ecuatorial\">Equatorial Guinea<\/option>\n\t\t\t\t\t\t\t\t\t<option value=\"Guinea-Bis\u00e1u\">Guinea-Bissau<\/option>\n\t\t\t\t\t\t\t\t\t<option value=\"Guyana\">Guyana<\/option>\n\t\t\t\t\t\t\t\t\t<option value=\"Hait\u00ed\">Haiti<\/option>\n\t\t\t\t\t\t\t\t\t<option value=\"Honduras\">Honduras<\/option>\n\t\t\t\t\t\t\t\t\t<option value=\"Hong Kong\">Hong Kong<\/option>\n\t\t\t\t\t\t\t\t\t<option value=\"Hungr\u00eda\">Hungary<\/option>\n\t\t\t\t\t\t\t\t\t<option value=\"India\">India<\/option>\n\t\t\t\t\t\t\t\t\t<option value=\"Indonesia\">Indonesia<\/option>\n\t\t\t\t\t\t\t\t\t<option value=\"Irak\">Iraq<\/option>\n\t\t\t\t\t\t\t\t\t<option value=\"Ir\u00e1n\">Iran<\/option>\n\t\t\t\t\t\t\t\t\t<option value=\"Irlanda\">Ireland<\/option>\n\t\t\t\t\t\t\t\t\t<option value=\"Isla Bouvet\">Bouvet Island<\/option>\n\t\t\t\t\t\t\t\t\t<option value=\"Isla de Man\">Isle of Man<\/option>\n\t\t\t\t\t\t\t\t\t<option value=\"Isla de Navidad\">Christmas Island<\/option>\n\t\t\t\t\t\t\t\t\t<option value=\"Islandia\">Iceland<\/option>\n\t\t\t\t\t\t\t\t\t<option value=\"Islas Caim\u00e1n\">Cayman Islands<\/option>\n\t\t\t\t\t\t\t\t\t<option value=\"Islas Cocos\">Cocos Islands<\/option>\n\t\t\t\t\t\t\t\t\t<option value=\"Islas Cook\">Cook Islands<\/option>\n\t\t\t\t\t\t\t\t\t<option value=\"Islas Feroe\">Faroe Islands<\/option>\n\t\t\t\t\t\t\t\t\t<option value=\"Islas Malvinas\">Falkland Islands<\/option>\n\t\t\t\t\t\t\t\t\t<option value=\"Islas Marshall\">Marshall Islands<\/option>\n\t\t\t\t\t\t\t\t\t<option value=\"Islas Salom\u00f3n\">Solomon Islands<\/option>\n\t\t\t\t\t\t\t\t\t<option value=\"Islas Turcas y Caicos\">Turks and Caicos Islands<\/option>\n\t\t\t\t\t\t\t\t\t<option value=\"Islas V\u00edrgenes Brit\u00e1nicas\">British Virgin Islands<\/option>\n\t\t\t\t\t\t\t\t\t<option value=\"Islas V\u00edrgenes de los Estados Unidos\">United States Virgin Islands<\/option>\n\t\t\t\t\t\t\t\t\t<option value=\"Israel\">Israel<\/option>\n\t\t\t\t\t\t\t\t\t<option value=\"Italia\">Italy<\/option>\n\t\t\t\t\t\t\t\t\t<option value=\"Jamaica\">Jamaica<\/option>\n\t\t\t\t\t\t\t\t\t<option value=\"Jap\u00f3n\">Japan<\/option>\n\t\t\t\t\t\t\t\t\t<option value=\"Jersey\">Jersey<\/option>\n\t\t\t\t\t\t\t\t\t<option value=\"Jordania\">Jordan<\/option>\n\t\t\t\t\t\t\t\t\t<option value=\"Kazajist\u00e1n\">Kazakhstan<\/option>\n\t\t\t\t\t\t\t\t\t<option value=\"Kenia\">Kenya<\/option>\n\t\t\t\t\t\t\t\t\t<option value=\"Kirguist\u00e1n\">Kyrgyzstan<\/option>\n\t\t\t\t\t\t\t\t\t<option value=\"Kiribati\">Kiribati<\/option>\n\t\t\t\t\t\t\t\t\t<option value=\"Kuwait\">Kuwait<\/option>\n\t\t\t\t\t\t\t\t\t<option value=\"Laos\">Laos<\/option>\n\t\t\t\t\t\t\t\t\t<option value=\"Lesoto\">Lesotho<\/option>\n\t\t\t\t\t\t\t\t\t<option value=\"Letonia\">Latvia<\/option>\n\t\t\t\t\t\t\t\t\t<option value=\"L\u00edbano\">Lebanon<\/option>\n\t\t\t\t\t\t\t\t\t<option value=\"Liberia\">Liberia<\/option>\n\t\t\t\t\t\t\t\t\t<option value=\"Libia\">Libya<\/option>\n\t\t\t\t\t\t\t\t\t<option value=\"Liechtenstein\">Liechtenstein<\/option>\n\t\t\t\t\t\t\t\t\t<option value=\"Lituania\">Lithuania<\/option>\n\t\t\t\t\t\t\t\t\t<option value=\"Luxemburgo\">Luxembourg<\/option>\n\t\t\t\t\t\t\t\t\t<option value=\"Macao\">Macau<\/option>\n\t\t\t\t\t\t\t\t\t<option value=\"Macedonia del Norte\">North Macedonia<\/option>\n\t\t\t\t\t\t\t\t\t<option value=\"Madagascar\">Madagascar<\/option>\n\t\t\t\t\t\t\t\t\t<option value=\"Malasia\">Malaysia<\/option>\n\t\t\t\t\t\t\t\t\t<option value=\"Malaui\">Malawi<\/option>\n\t\t\t\t\t\t\t\t\t<option value=\"Maldivas\">Maldives<\/option>\n\t\t\t\t\t\t\t\t\t<option value=\"Mal\u00ed\">Mali<\/option>\n\t\t\t\t\t\t\t\t\t<option value=\"Malta\">Malta<\/option>\n\t\t\t\t\t\t\t\t\t<option value=\"Marruecos\">Morocco<\/option>\n\t\t\t\t\t\t\t\t\t<option value=\"Martinica\">Martinique<\/option>\n\t\t\t\t\t\t\t\t\t<option value=\"Mauricio\">Mauricio<\/option>\n\t\t\t\t\t\t\t\t\t<option value=\"Mauritania\">Mauritania<\/option>\n\t\t\t\t\t\t\t\t\t<option value=\"Mayotte\">Mayotte<\/option>\n\t\t\t\t\t\t\t\t\t<option value=\"M\u00e9xico\">Mexico<\/option>\n\t\t\t\t\t\t\t\t\t<option value=\"Micronesia\">Micronesia<\/option>\n\t\t\t\t\t\t\t\t\t<option value=\"Moldavia\">Moldova<\/option>\n\t\t\t\t\t\t\t\t\t<option value=\"M\u00f3naco\">Monaco<\/option>\n\t\t\t\t\t\t\t\t\t<option value=\"Mongolia\">Mongolia<\/option>\n\t\t\t\t\t\t\t\t\t<option value=\"Montenegro\">Montenegro<\/option>\n\t\t\t\t\t\t\t\t\t<option value=\"Montserrat\">Montserrat<\/option>\n\t\t\t\t\t\t\t\t\t<option value=\"Mozambique\">Mozambique<\/option>\n\t\t\t\t\t\t\t\t\t<option value=\"Myanmar\">Myanmar<\/option>\n\t\t\t\t\t\t\t\t\t<option value=\"Namibia\">Namibia<\/option>\n\t\t\t\t\t\t\t\t\t<option value=\"Nauru\">Nauru<\/option>\n\t\t\t\t\t\t\t\t\t<option value=\"Nepal\">Nepal<\/option>\n\t\t\t\t\t\t\t\t\t<option value=\"Nicaragua\">Nicaragua<\/option>\n\t\t\t\t\t\t\t\t\t<option value=\"N\u00edger\">Niger<\/option>\n\t\t\t\t\t\t\t\t\t<option value=\"Nigeria\">Nigeria<\/option>\n\t\t\t\t\t\t\t\t\t<option value=\"Niue\">Niue<\/option>\n\t\t\t\t\t\t\t\t\t<option value=\"Noruega\">Norway<\/option>\n\t\t\t\t\t\t\t\t\t<option value=\"Nueva Caledonia\">New Caledonia<\/option>\n\t\t\t\t\t\t\t\t\t<option value=\"Nueva Zelanda\">New Zealand<\/option>\n\t\t\t\t\t\t\t\t\t<option value=\"Om\u00e1n\">Oman<\/option>\n\t\t\t\t\t\t\t\t\t<option value=\"Pa\u00edses Bajos\">Netherlands<\/option>\n\t\t\t\t\t\t\t\t\t<option value=\"Pakist\u00e1n\">Pakistan<\/option>\n\t\t\t\t\t\t\t\t\t<option value=\"Palaos\">Palau<\/option>\n\t\t\t\t\t\t\t\t\t<option value=\"Palestina\">Palestine<\/option>\n\t\t\t\t\t\t\t\t\t<option value=\"Panam\u00e1\">Panama<\/option>\n\t\t\t\t\t\t\t\t\t<option value=\"Pap\u00faa Nueva Guinea\">Papua New Guinea<\/option>\n\t\t\t\t\t\t\t\t\t<option value=\"Paraguay\">Paraguay<\/option>\n\t\t\t\t\t\t\t\t\t<option value=\"Per\u00fa\">Peru<\/option>\n\t\t\t\t\t\t\t\t\t<option value=\"Polinesia Francesa\">French Polynesia<\/option>\n\t\t\t\t\t\t\t\t\t<option value=\"Polonia\">Poland<\/option>\n\t\t\t\t\t\t\t\t\t<option value=\"Portugal\">Portugal<\/option>\n\t\t\t\t\t\t\t\t\t<option value=\"Puerto Rico\">Puerto Rico<\/option>\n\t\t\t\t\t\t\t\t\t<option value=\"Qatar\">Qatar<\/option>\n\t\t\t\t\t\t\t\t\t<option value=\"Reino Unido\">United Kingdom<\/option>\n\t\t\t\t\t\t\t\t\t<option value=\"Rep\u00fablica Centroafricana\">Central African Republic<\/option>\n\t\t\t\t\t\t\t\t\t<option value=\"Rep\u00fablica Checa\">Czech Republic<\/option>\n\t\t\t\t\t\t\t\t\t<option value=\"Rep\u00fablica Democr\u00e1tica del Congo\">Democratic Republic of the Congo<\/option>\n\t\t\t\t\t\t\t\t\t<option value=\"Rep\u00fablica Dominicana\">Dominican Republic<\/option>\n\t\t\t\t\t\t\t\t\t<option value=\"Reuni\u00f3n\">Meeting<\/option>\n\t\t\t\t\t\t\t\t\t<option value=\"Ruanda\">Rwanda<\/option>\n\t\t\t\t\t\t\t\t\t<option value=\"Rumania\">Romania<\/option>\n\t\t\t\t\t\t\t\t\t<option value=\"Rusia\">Russia<\/option>\n\t\t\t\t\t\t\t\t\t<option value=\"Sahara Occidental\">Western Sahara<\/option>\n\t\t\t\t\t\t\t\t\t<option value=\"Samoa\">Samoa<\/option>\n\t\t\t\t\t\t\t\t\t<option value=\"Samoa Americana\">American Samoa<\/option>\n\t\t\t\t\t\t\t\t\t<option value=\"San Bartolom\u00e9\">Saint Bartholomew<\/option>\n\t\t\t\t\t\t\t\t\t<option value=\"San Crist\u00f3bal y Nieves\">Saint Kitts and Nevis<\/option>\n\t\t\t\t\t\t\t\t\t<option value=\"San Marino\">San Marino<\/option>\n\t\t\t\t\t\t\t\t\t<option value=\"San Mart\u00edn\">Saint Martin<\/option>\n\t\t\t\t\t\t\t\t\t<option value=\"San Pedro y Miquel\u00f3n\">Saint Pierre and Miquelon<\/option>\n\t\t\t\t\t\t\t\t\t<option value=\"San Vicente y las Granadinas\">Saint Vincent and the Grenadines<\/option>\n\t\t\t\t\t\t\t\t\t<option value=\"Santa Elena\">Saint Helena<\/option>\n\t\t\t\t\t\t\t\t\t<option value=\"Santa Luc\u00eda\">Saint Lucia<\/option>\n\t\t\t\t\t\t\t\t\t<option value=\"Santo Tom\u00e9 y Pr\u00edncipe\">Sao Tome and Principe<\/option>\n\t\t\t\t\t\t\t\t\t<option value=\"Senegal\">Senegal<\/option>\n\t\t\t\t\t\t\t\t\t<option value=\"Serbia\">Serbia<\/option>\n\t\t\t\t\t\t\t\t\t<option value=\"Seychelles\">Seychelles<\/option>\n\t\t\t\t\t\t\t\t\t<option value=\"Sierra Leona\">Sierra Leone<\/option>\n\t\t\t\t\t\t\t\t\t<option value=\"Singapur\">Singapore<\/option>\n\t\t\t\t\t\t\t\t\t<option value=\"Siria\">Syria<\/option>\n\t\t\t\t\t\t\t\t\t<option value=\"Somalia\">Somalia<\/option>\n\t\t\t\t\t\t\t\t\t<option value=\"Sri Lanka\">Sri Lanka<\/option>\n\t\t\t\t\t\t\t\t\t<option value=\"Suazilandia\">Swaziland<\/option>\n\t\t\t\t\t\t\t\t\t<option value=\"Sud\u00e1frica\">South Africa<\/option>\n\t\t\t\t\t\t\t\t\t<option value=\"Sud\u00e1n\">Sudan<\/option>\n\t\t\t\t\t\t\t\t\t<option value=\"Sud\u00e1n del Sur\">South Sudan<\/option>\n\t\t\t\t\t\t\t\t\t<option value=\"Suecia\">Sweden<\/option>\n\t\t\t\t\t\t\t\t\t<option value=\"Suiza\">Swiss<\/option>\n\t\t\t\t\t\t\t\t\t<option value=\"Surinam\">Surinam<\/option>\n\t\t\t\t\t\t\t\t\t<option value=\"Svalbard y Jan Mayen\">Svalbard and Jan Mayen<\/option>\n\t\t\t\t\t\t\t\t\t<option value=\"Tailandia\">Thailand<\/option>\n\t\t\t\t\t\t\t\t\t<option value=\"Taiw\u00e1n\">Taiwan<\/option>\n\t\t\t\t\t\t\t\t\t<option value=\"Tanzania\">Tanzania<\/option>\n\t\t\t\t\t\t\t\t\t<option value=\"Tayikist\u00e1n\">Tajikistan<\/option>\n\t\t\t\t\t\t\t\t\t<option value=\"Territorio Brit\u00e1nico del Oc\u00e9ano \u00cdndico\">British Indian Ocean Territory<\/option>\n\t\t\t\t\t\t\t\t\t<option value=\"Timor Oriental\">East Timor<\/option>\n\t\t\t\t\t\t\t\t\t<option value=\"Togo\">Togo<\/option>\n\t\t\t\t\t\t\t\t\t<option value=\"Tokelau\">Tokelau<\/option>\n\t\t\t\t\t\t\t\t\t<option value=\"Tonga\">Tonga<\/option>\n\t\t\t\t\t\t\t\t\t<option value=\"Trinidad y Tobago\">Trinidad and Tobago<\/option>\n\t\t\t\t\t\t\t\t\t<option value=\"T\u00fanez\">Tunisia<\/option>\n\t\t\t\t\t\t\t\t\t<option value=\"Turkmenist\u00e1n\">Turkmenistan<\/option>\n\t\t\t\t\t\t\t\t\t<option value=\"Turqu\u00eda\">T\u00fcrkiye<\/option>\n\t\t\t\t\t\t\t\t\t<option value=\"Tuvalu\">Tuvalu<\/option>\n\t\t\t\t\t\t\t\t\t<option value=\"Ucrania\">Ukraine<\/option>\n\t\t\t\t\t\t\t\t\t<option value=\"Uganda\">Uganda<\/option>\n\t\t\t\t\t\t\t\t\t<option value=\"Uruguay\">Uruguay<\/option>\n\t\t\t\t\t\t\t\t\t<option value=\"Uzbekist\u00e1n\">Uzbekistan<\/option>\n\t\t\t\t\t\t\t\t\t<option value=\"Vanuatu\">Vanuatu<\/option>\n\t\t\t\t\t\t\t\t\t<option value=\"Venezuela\">Venezuela<\/option>\n\t\t\t\t\t\t\t\t\t<option value=\"Vietnam\">Vietnam<\/option>\n\t\t\t\t\t\t\t\t\t<option value=\"Wallis y Futuna\">Wallis and Futuna<\/option>\n\t\t\t\t\t\t\t\t\t<option value=\"Yemen\">Yemen<\/option>\n\t\t\t\t\t\t\t\t\t<option value=\"Yibuti\">Djibouti<\/option>\n\t\t\t\t\t\t\t\t\t<option value=\"Zambia\">Zambia<\/option>\n\t\t\t\t\t\t\t\t\t<option value=\"Zimbabue\">Zimbabwe<\/option>\n\t\t\t\t\t\t\t<\/select>\n\t\t<\/div>\n\t\t\t\t\t\t<\/div>\n\t\t\t\t\t\t\t\t<div class=\"elementor-field-type-html elementor-field-group elementor-column elementor-field-group-field_5dc0434 elementor-col-100\">\n\t\t\t\t\tBirthdate\t\t\t\t<\/div>\n\t\t\t\t\t\t\t\t<div class=\"elementor-field-type-text elementor-field-group elementor-column elementor-field-group-unete_day elementor-col-20 elementor-field-required\">\n\t\t\t\t\t\t\t\t\t\t\t\t<label for=\"form-field-unete_day\" class=\"elementor-field-label\">\n\t\t\t\t\t\t\t\tDay\t\t\t\t\t\t\t<\/label>\n\t\t\t\t\t\t\t\t\t\t\t\t\t\t<input size=\"1\" type=\"text\" name=\"form_fields[unete_day]\" id=\"form-field-unete_day\" class=\"elementor-field elementor-size-md  elementor-field-textual\" placeholder=\"DD\" required=\"required\">\n\t\t\t\t\t\t\t\t\t\t\t<\/div>\n\t\t\t\t\t\t\t\t<div class=\"elementor-field-type-text elementor-field-group elementor-column elementor-field-group-unete_months elementor-col-20 elementor-field-required\">\n\t\t\t\t\t\t\t\t\t\t\t\t<label for=\"form-field-unete_months\" class=\"elementor-field-label\">\n\t\t\t\t\t\t\t\tMonth\t\t\t\t\t\t\t<\/label>\n\t\t\t\t\t\t\t\t\t\t\t\t\t\t<input size=\"1\" type=\"text\" name=\"form_fields[unete_months]\" id=\"form-field-unete_months\" class=\"elementor-field elementor-size-md  elementor-field-textual\" placeholder=\"MM\" required=\"required\">\n\t\t\t\t\t\t\t\t\t\t\t<\/div>\n\t\t\t\t\t\t\t\t<div class=\"elementor-field-type-text elementor-field-group elementor-column elementor-field-group-unete_year elementor-col-20 elementor-field-required\">\n\t\t\t\t\t\t\t\t\t\t\t\t<label for=\"form-field-unete_year\" class=\"elementor-field-label\">\n\t\t\t\t\t\t\t\tYear\t\t\t\t\t\t\t<\/label>\n\t\t\t\t\t\t\t\t\t\t\t\t\t\t<input size=\"1\" type=\"text\" name=\"form_fields[unete_year]\" id=\"form-field-unete_year\" class=\"elementor-field elementor-size-md  elementor-field-textual\" placeholder=\"AAAA\" required=\"required\">\n\t\t\t\t\t\t\t\t\t\t\t<\/div>\n\t\t\t\t\t\t\t\t<div class=\"elementor-field-type-html elementor-field-group elementor-column elementor-field-group-field_4278e47 elementor-col-100\">\n\t\t\t\t\tI agree to receive email communications about offers, services, and events from CEM\u00cd RON DOMINICANO. You can unsubscribe from email marketing communications by using the &quot;Unsubscribe&quot; link at the bottom of each of our email communications. Please read our Privacy Policy to understand how CEM\u00cd RON DOMINICANO processes your personal data.\t\t\t\t<\/div>\n\t\t\t\t\t\t\t\t<div class=\"elementor-field-type-text\">\n\t\t\t\t\t<input size=\"1\" type=\"text\" name=\"form_fields[field_93779a0]\" id=\"form-field-field_93779a0\" class=\"elementor-field elementor-size-md\" style=\"display:none !important;\">\t\t\t\t<\/div>\n\t\t\t\t\t\t\t\t<div class=\"elementor-field-type-recaptcha elementor-field-group elementor-column elementor-field-group-field_66ca204 elementor-col-100\">\n\t\t\t\t\t<div class=\"elementor-field\" id=\"form-field-field_66ca204\"><div class=\"elementor-g-recaptcha\" data-sitekey=\"6Lck4zErAAAAAAf6EvXtXGQ1IP36hzlOw-LDoZws\" data-type=\"v2_checkbox\" data-theme=\"light\" data-size=\"normal\"><\/div><\/div>\t\t\t\t<\/div>\n\t\t\t\t\t\t\t\t<div class=\"elementor-field-group elementor-column elementor-field-type-submit elementor-col-100 e-form__buttons\">\n\t\t\t\t\t<button class=\"elementor-button elementor-size-md\" type=\"submit\">\n\t\t\t\t\t\t<span class=\"elementor-button-content-wrapper\">\n\t\t\t\t\t\t\t\t\t\t\t\t\t\t\t\t\t\t\t\t\t\t<span class=\"elementor-button-text\">Subscribe<\/span>\n\t\t\t\t\t\t\t\t\t\t\t\t\t<\/span>\n\t\t\t\t\t<\/button>\n\t\t\t\t<\/div>\n\t\t\t<\/div>\n\t\t<input type=\"hidden\" name=\"trp-form-language\" value=\"en\"\/><\/form>\n\t\t\t\t\t\t<\/div>\n\t\t\t\t<\/div>\n\t\t\t\t<\/div>\n\t\t\t\t\t<\/div>\n\t\t\t\t<\/div>\n\t\t\t\t<\/div>","protected":false},"excerpt":{"rendered":"<p>Join the Club<\/p>","protected":false},"author":1,"featured_media":0,"parent":0,"menu_order":0,"comment_status":"closed","ping_status":"closed","template":"elementor_header_footer","meta":{"_acf_changed":false,"footnotes":""},"class_list":["post-514","page","type-page","status-publish","hentry"],"acf":[],"aioseo_notices":[],"_links":{"self":[{"href":"https:\/\/roncemi.com\/en\/wp-json\/wp\/v2\/pages\/514","targetHints":{"allow":["GET"]}}],"collection":[{"href":"https:\/\/roncemi.com\/en\/wp-json\/wp\/v2\/pages"}],"about":[{"href":"https:\/\/roncemi.com\/en\/wp-json\/wp\/v2\/types\/page"}],"author":[{"embeddable":true,"href":"https:\/\/roncemi.com\/en\/wp-json\/wp\/v2\/users\/1"}],"replies":[{"embeddable":true,"href":"https:\/\/roncemi.com\/en\/wp-json\/wp\/v2\/comments?post=514"}],"version-history":[{"count":82,"href":"https:\/\/roncemi.com\/en\/wp-json\/wp\/v2\/pages\/514\/revisions"}],"predecessor-version":[{"id":1722,"href":"https:\/\/roncemi.com\/en\/wp-json\/wp\/v2\/pages\/514\/revisions\/1722"}],"wp:attachment":[{"href":"https:\/\/roncemi.com\/en\/wp-json\/wp\/v2\/media?parent=514"}],"curies":[{"name":"wp","href":"https:\/\/api.w.org\/{rel}","templated":true}]}}